{"id":12,"date":"2022-11-02T14:06:35","date_gmt":"2022-11-02T13:06:35","guid":{"rendered":"https:\/\/procast.hbla-oberwart.at\/?page_id=12"},"modified":"2023-03-23T14:12:06","modified_gmt":"2023-03-23T13:12:06","slug":"team","status":"publish","type":"page","link":"https:\/\/procast.hbla-oberwart.at\/?page_id=12","title":{"rendered":"Team"},"content":{"rendered":"\t\t<div data-elementor-type=\"wp-page\" data-elementor-id=\"12\" class=\"elementor elementor-12\">\n\t\t\t\t\t\t\t\t\t<section class=\"elementor-section elementor-top-section elementor-element elementor-element-1b733d3c elementor-section-boxed elementor-section-height-default elementor-section-height-default\" data-id=\"1b733d3c\" data-element_type=\"section\">\n\t\t\t\t\t\t<div class=\"elementor-container elementor-column-gap-default\">\n\t\t\t\t\t<div class=\"elementor-column elementor-col-100 elementor-top-column elementor-element elementor-element-5c5a8bc8\" data-id=\"5c5a8bc8\" data-element_type=\"column\">\n\t\t\t<div class=\"elementor-widget-wrap elementor-element-populated\">\n\t\t\t\t\t\t\t\t<div class=\"elementor-element elementor-element-37ac130 animated-fast elementor-invisible elementor-widget elementor-widget-heading\" data-id=\"37ac130\" data-element_type=\"widget\" data-settings=\"{&quot;_animation&quot;:&quot;fadeIn&quot;}\" data-widget_type=\"heading.default\">\n\t\t\t\t<div class=\"elementor-widget-container\">\n\t\t\t<style>\/*! elementor - v3.9.2 - 21-12-2022 *\/\n.elementor-heading-title{padding:0;margin:0;line-height:1}.elementor-widget-heading .elementor-heading-title[class*=elementor-size-]>a{color:inherit;font-size:inherit;line-height:inherit}.elementor-widget-heading .elementor-heading-title.elementor-size-small{font-size:15px}.elementor-widget-heading .elementor-heading-title.elementor-size-medium{font-size:19px}.elementor-widget-heading .elementor-heading-title.elementor-size-large{font-size:29px}.elementor-widget-heading .elementor-heading-title.elementor-size-xl{font-size:39px}.elementor-widget-heading .elementor-heading-title.elementor-size-xxl{font-size:59px}<\/style><h1 class=\"elementor-heading-title elementor-size-default\">Aber, wer steckt eigentlich hinter DEM Procast?<\/h1>\t\t<\/div>\n\t\t\t\t<\/div>\n\t\t\t\t<div class=\"elementor-element elementor-element-ae6e224 elementor-view-default elementor-invisible elementor-widget elementor-widget-icon\" data-id=\"ae6e224\" data-element_type=\"widget\" data-settings=\"{&quot;_animation&quot;:&quot;fadeInUp&quot;}\" data-widget_type=\"icon.default\">\n\t\t\t\t<div class=\"elementor-widget-container\">\n\t\t\t\t\t<div class=\"elementor-icon-wrapper\">\n\t\t\t<a class=\"elementor-icon elementor-animation-wobble-top\" href=\"#price-box\">\n\t\t\t\t\t\t\t<i class=\"fa fa-arrow-down\" aria-hidden=\"true\"><\/i>\n\t\t\t\t\t\t<\/a>\n\t\t<\/div>\n\t\t\t\t<\/div>\n\t\t\t\t<\/div>\n\t\t\t\t\t<\/div>\n\t\t<\/div>\n\t\t\t\t\t\t\t<\/div>\n\t\t<\/section>\n\t\t\t\t<section class=\"elementor-section elementor-top-section elementor-element elementor-element-c2b00f4 elementor-section-boxed elementor-section-height-default elementor-section-height-default\" data-id=\"c2b00f4\" data-element_type=\"section\">\n\t\t\t\t\t\t<div class=\"elementor-container elementor-column-gap-default\">\n\t\t\t\t\t<div class=\"elementor-column elementor-col-100 elementor-top-column elementor-element elementor-element-cd17638\" data-id=\"cd17638\" data-element_type=\"column\">\n\t\t\t<div class=\"elementor-widget-wrap elementor-element-populated\">\n\t\t\t\t\t\t\t\t<div class=\"elementor-element elementor-element-ddfba56 elementor-invisible elementor-widget elementor-widget-heading\" data-id=\"ddfba56\" data-element_type=\"widget\" data-settings=\"{&quot;_animation&quot;:&quot;fadeIn&quot;}\" data-widget_type=\"heading.default\">\n\t\t\t\t<div class=\"elementor-widget-container\">\n\t\t\t<h2 class=\"elementor-heading-title elementor-size-default\">Anna Dragosits\n<\/h2>\t\t<\/div>\n\t\t\t\t<\/div>\n\t\t\t\t<div class=\"elementor-element elementor-element-22ebd64 animated-slow elementor-invisible elementor-widget elementor-widget-image\" data-id=\"22ebd64\" data-element_type=\"widget\" data-settings=\"{&quot;_animation&quot;:&quot;rotateInDownLeft&quot;}\" data-widget_type=\"image.default\">\n\t\t\t\t<div class=\"elementor-widget-container\">\n\t\t\t<style>\/*! elementor - v3.9.2 - 21-12-2022 *\/\n.elementor-widget-image{text-align:center}.elementor-widget-image a{display:inline-block}.elementor-widget-image a img[src$=\".svg\"]{width:48px}.elementor-widget-image img{vertical-align:middle;display:inline-block}<\/style>\t\t\t\t\t\t\t\t\t\t\t\t<img loading=\"lazy\" decoding=\"async\" width=\"300\" height=\"300\" src=\"https:\/\/procast.hbla-oberwart.at\/wp-content\/uploads\/2023\/02\/Anna-6-300x300.jpg\" class=\"attachment-ashe-list-thumbnail size-ashe-list-thumbnail wp-image-225\" alt=\"\" srcset=\"https:\/\/procast.hbla-oberwart.at\/wp-content\/uploads\/2023\/02\/Anna-6-300x300.jpg 300w, https:\/\/procast.hbla-oberwart.at\/wp-content\/uploads\/2023\/02\/Anna-6-150x150.jpg 150w, https:\/\/procast.hbla-oberwart.at\/wp-content\/uploads\/2023\/02\/Anna-6-75x75.jpg 75w\" sizes=\"(max-width: 300px) 100vw, 300px\" \/>\t\t\t\t\t\t\t\t\t\t\t\t\t\t\t<\/div>\n\t\t\t\t<\/div>\n\t\t\t\t<div class=\"elementor-element elementor-element-3079e68 animated-fast elementor-invisible elementor-widget elementor-widget-heading\" data-id=\"3079e68\" data-element_type=\"widget\" data-settings=\"{&quot;_animation&quot;:&quot;fadeIn&quot;}\" data-widget_type=\"heading.default\">\n\t\t\t\t<div class=\"elementor-widget-container\">\n\t\t\t<h2 class=\"elementor-heading-title elementor-size-default\">Projektleiterin &amp; Social Media<\/h2>\t\t<\/div>\n\t\t\t\t<\/div>\n\t\t\t\t<div class=\"elementor-element elementor-element-ac8437f elementor-invisible elementor-widget elementor-widget-text-editor\" data-id=\"ac8437f\" data-element_type=\"widget\" data-settings=\"{&quot;_animation&quot;:&quot;fadeIn&quot;}\" data-widget_type=\"text-editor.default\">\n\t\t\t\t<div class=\"elementor-widget-container\">\n\t\t\t<style>\/*! elementor - v3.9.2 - 21-12-2022 *\/\n.elementor-widget-text-editor.elementor-drop-cap-view-stacked .elementor-drop-cap{background-color:#818a91;color:#fff}.elementor-widget-text-editor.elementor-drop-cap-view-framed .elementor-drop-cap{color:#818a91;border:3px solid;background-color:transparent}.elementor-widget-text-editor:not(.elementor-drop-cap-view-default) .elementor-drop-cap{margin-top:8px}.elementor-widget-text-editor:not(.elementor-drop-cap-view-default) .elementor-drop-cap-letter{width:1em;height:1em}.elementor-widget-text-editor .elementor-drop-cap{float:left;text-align:center;line-height:1;font-size:50px}.elementor-widget-text-editor .elementor-drop-cap-letter{display:inline-block}<\/style>\t\t\t\t<p>Anna k\u00fcmmert sich um Social-Media. Daf\u00fcr erstellt sie kreativen Content und h\u00e4lt unsere Community immer auf dem aktuellen Stand. Au\u00dferdem ist Anna<br \/>auch die Projektleiterin des Procast-Projekts.<\/p><p>Ohne Anna w\u00e4re der Procast nicht auf Social-Media vertreten!<\/p>\t\t\t\t\t\t<\/div>\n\t\t\t\t<\/div>\n\t\t\t\t\t<\/div>\n\t\t<\/div>\n\t\t\t\t\t\t\t<\/div>\n\t\t<\/section>\n\t\t\t\t<section class=\"elementor-section elementor-top-section elementor-element elementor-element-61c0bd59 elementor-section-boxed elementor-section-height-default elementor-section-height-default\" data-id=\"61c0bd59\" data-element_type=\"section\" data-settings=\"{&quot;background_background&quot;:&quot;classic&quot;}\">\n\t\t\t\t\t\t<div class=\"elementor-container elementor-column-gap-default\">\n\t\t\t\t\t<div class=\"elementor-column elementor-col-50 elementor-top-column elementor-element elementor-element-6ab48d9e\" data-id=\"6ab48d9e\" data-element_type=\"column\">\n\t\t\t<div class=\"elementor-widget-wrap elementor-element-populated\">\n\t\t\t\t\t\t\t\t<div class=\"elementor-element elementor-element-4dcef5b1 elementor-invisible elementor-widget elementor-widget-heading\" data-id=\"4dcef5b1\" data-element_type=\"widget\" data-settings=\"{&quot;_animation&quot;:&quot;fadeIn&quot;}\" data-widget_type=\"heading.default\">\n\t\t\t\t<div class=\"elementor-widget-container\">\n\t\t\t<h2 class=\"elementor-heading-title elementor-size-default\">Jannika Winkler\n<\/h2>\t\t<\/div>\n\t\t\t\t<\/div>\n\t\t\t\t<div class=\"elementor-element elementor-element-3fc77b40 animated-slow elementor-invisible elementor-widget elementor-widget-image\" data-id=\"3fc77b40\" data-element_type=\"widget\" data-settings=\"{&quot;_animation&quot;:&quot;rotateInDownLeft&quot;}\" data-widget_type=\"image.default\">\n\t\t\t\t<div class=\"elementor-widget-container\">\n\t\t\t\t\t\t\t\t\t\t\t\t\t\t\t<img loading=\"lazy\" decoding=\"async\" width=\"300\" height=\"300\" src=\"https:\/\/procast.hbla-oberwart.at\/wp-content\/uploads\/2023\/02\/Jannika-5-300x300.jpg\" class=\"attachment-ashe-list-thumbnail size-ashe-list-thumbnail wp-image-244\" alt=\"\" srcset=\"https:\/\/procast.hbla-oberwart.at\/wp-content\/uploads\/2023\/02\/Jannika-5-300x300.jpg 300w, https:\/\/procast.hbla-oberwart.at\/wp-content\/uploads\/2023\/02\/Jannika-5-150x150.jpg 150w, https:\/\/procast.hbla-oberwart.at\/wp-content\/uploads\/2023\/02\/Jannika-5-75x75.jpg 75w\" sizes=\"(max-width: 300px) 100vw, 300px\" \/>\t\t\t\t\t\t\t\t\t\t\t\t\t\t\t<\/div>\n\t\t\t\t<\/div>\n\t\t\t\t<div class=\"elementor-element elementor-element-626363f7 animated-fast elementor-invisible elementor-widget elementor-widget-heading\" data-id=\"626363f7\" data-element_type=\"widget\" data-settings=\"{&quot;_animation&quot;:&quot;fadeIn&quot;}\" data-widget_type=\"heading.default\">\n\t\t\t\t<div class=\"elementor-widget-container\">\n\t\t\t<h2 class=\"elementor-heading-title elementor-size-default\">Grafikdesign &amp; Printmedien<\/h2>\t\t<\/div>\n\t\t\t\t<\/div>\n\t\t\t\t<div class=\"elementor-element elementor-element-4e274b61 elementor-invisible elementor-widget elementor-widget-text-editor\" data-id=\"4e274b61\" data-element_type=\"widget\" data-settings=\"{&quot;_animation&quot;:&quot;fadeIn&quot;}\" data-widget_type=\"text-editor.default\">\n\t\t\t\t<div class=\"elementor-widget-container\">\n\t\t\t\t\t\t\t<p>Unsere Jannika hat unser tolles Logo erstellt und besch\u00e4ftigt sich auch mit allen andern Print-Medien,<br \/>die wir f\u00fcr unseren Podcast brauchen. Dazu z\u00e4hlen zum Beispiel Plakate.<\/p><p>Ohne Jannika h\u00e4tten wir keine Corporate Identity!<\/p>\t\t\t\t\t\t<\/div>\n\t\t\t\t<\/div>\n\t\t\t\t\t<\/div>\n\t\t<\/div>\n\t\t\t\t<div class=\"elementor-column elementor-col-50 elementor-top-column elementor-element elementor-element-3471774c\" data-id=\"3471774c\" data-element_type=\"column\">\n\t\t\t<div class=\"elementor-widget-wrap elementor-element-populated\">\n\t\t\t\t\t\t\t\t<div class=\"elementor-element elementor-element-d5129 elementor-invisible elementor-widget elementor-widget-heading\" data-id=\"d5129\" data-element_type=\"widget\" data-settings=\"{&quot;_animation&quot;:&quot;fadeIn&quot;}\" data-widget_type=\"heading.default\">\n\t\t\t\t<div class=\"elementor-widget-container\">\n\t\t\t<h2 class=\"elementor-heading-title elementor-size-default\">Christina Ederer<\/h2>\t\t<\/div>\n\t\t\t\t<\/div>\n\t\t\t\t<div class=\"elementor-element elementor-element-3bdee1ed animated-slow elementor-invisible elementor-widget elementor-widget-image\" data-id=\"3bdee1ed\" data-element_type=\"widget\" data-settings=\"{&quot;_animation&quot;:&quot;rotateInDownLeft&quot;}\" data-widget_type=\"image.default\">\n\t\t\t\t<div class=\"elementor-widget-container\">\n\t\t\t\t\t\t\t\t\t\t\t\t\t\t\t<img loading=\"lazy\" decoding=\"async\" width=\"300\" height=\"300\" src=\"https:\/\/procast.hbla-oberwart.at\/wp-content\/uploads\/2023\/02\/Christina-5-300x300.jpg\" class=\"attachment-ashe-list-thumbnail size-ashe-list-thumbnail wp-image-231\" alt=\"\" srcset=\"https:\/\/procast.hbla-oberwart.at\/wp-content\/uploads\/2023\/02\/Christina-5-300x300.jpg 300w, https:\/\/procast.hbla-oberwart.at\/wp-content\/uploads\/2023\/02\/Christina-5-150x150.jpg 150w, https:\/\/procast.hbla-oberwart.at\/wp-content\/uploads\/2023\/02\/Christina-5-75x75.jpg 75w\" sizes=\"(max-width: 300px) 100vw, 300px\" \/>\t\t\t\t\t\t\t\t\t\t\t\t\t\t\t<\/div>\n\t\t\t\t<\/div>\n\t\t\t\t<div class=\"elementor-element elementor-element-36c2acf animated-fast elementor-invisible elementor-widget elementor-widget-heading\" data-id=\"36c2acf\" data-element_type=\"widget\" data-settings=\"{&quot;_animation&quot;:&quot;fadeIn&quot;}\" data-widget_type=\"heading.default\">\n\t\t\t\t<div class=\"elementor-widget-container\">\n\t\t\t<h2 class=\"elementor-heading-title elementor-size-default\">Webdesign &amp;<br> Blog<\/h2>\t\t<\/div>\n\t\t\t\t<\/div>\n\t\t\t\t<div class=\"elementor-element elementor-element-36e41549 elementor-invisible elementor-widget elementor-widget-text-editor\" data-id=\"36e41549\" data-element_type=\"widget\" data-settings=\"{&quot;_animation&quot;:&quot;fadeIn&quot;}\" data-widget_type=\"text-editor.default\">\n\t\t\t\t<div class=\"elementor-widget-container\">\n\t\t\t\t\t\t\t<p>Unsere Christina erstellt eine neue Website f\u00fcr den Procast, auf der es immer die aktuellen Infos zum<br \/>Nachlesen gibt. Sie bem\u00fcht sich das Webdesign passend zu unserer Coporate Identity zu gestalten.<\/p><p>Ohne Christina h\u00e4tten wir keinen Online-Auftritt!<\/p>\t\t\t\t\t\t<\/div>\n\t\t\t\t<\/div>\n\t\t\t\t\t<\/div>\n\t\t<\/div>\n\t\t\t\t\t\t\t<\/div>\n\t\t<\/section>\n\t\t\t\t<section class=\"elementor-section elementor-top-section elementor-element elementor-element-7225e786 elementor-section-boxed elementor-section-height-default elementor-section-height-default\" data-id=\"7225e786\" data-element_type=\"section\" data-settings=\"{&quot;background_background&quot;:&quot;classic&quot;}\">\n\t\t\t\t\t\t<div class=\"elementor-container elementor-column-gap-default\">\n\t\t\t\t\t<div class=\"elementor-column elementor-col-50 elementor-top-column elementor-element elementor-element-4dab69e3\" data-id=\"4dab69e3\" data-element_type=\"column\">\n\t\t\t<div class=\"elementor-widget-wrap elementor-element-populated\">\n\t\t\t\t\t\t\t\t<div class=\"elementor-element elementor-element-3f881411 elementor-invisible elementor-widget elementor-widget-heading\" data-id=\"3f881411\" data-element_type=\"widget\" data-settings=\"{&quot;_animation&quot;:&quot;fadeIn&quot;}\" data-widget_type=\"heading.default\">\n\t\t\t\t<div class=\"elementor-widget-container\">\n\t\t\t<h2 class=\"elementor-heading-title elementor-size-default\">Valentina Czerwenka\n<\/h2>\t\t<\/div>\n\t\t\t\t<\/div>\n\t\t\t\t<div class=\"elementor-element elementor-element-1c97141b animated-slow elementor-invisible elementor-widget elementor-widget-image\" data-id=\"1c97141b\" data-element_type=\"widget\" data-settings=\"{&quot;_animation&quot;:&quot;rotateInDownLeft&quot;}\" data-widget_type=\"image.default\">\n\t\t\t\t<div class=\"elementor-widget-container\">\n\t\t\t\t\t\t\t\t\t\t\t\t\t\t\t<img loading=\"lazy\" decoding=\"async\" width=\"300\" height=\"300\" src=\"https:\/\/procast.hbla-oberwart.at\/wp-content\/uploads\/2023\/02\/Valentina-3-300x300.jpg\" class=\"attachment-ashe-list-thumbnail size-ashe-list-thumbnail wp-image-247\" alt=\"\" srcset=\"https:\/\/procast.hbla-oberwart.at\/wp-content\/uploads\/2023\/02\/Valentina-3-300x300.jpg 300w, https:\/\/procast.hbla-oberwart.at\/wp-content\/uploads\/2023\/02\/Valentina-3-150x150.jpg 150w, https:\/\/procast.hbla-oberwart.at\/wp-content\/uploads\/2023\/02\/Valentina-3-75x75.jpg 75w\" sizes=\"(max-width: 300px) 100vw, 300px\" \/>\t\t\t\t\t\t\t\t\t\t\t\t\t\t\t<\/div>\n\t\t\t\t<\/div>\n\t\t\t\t<div class=\"elementor-element elementor-element-1a562366 animated-fast elementor-invisible elementor-widget elementor-widget-heading\" data-id=\"1a562366\" data-element_type=\"widget\" data-settings=\"{&quot;_animation&quot;:&quot;fadeIn&quot;}\" data-widget_type=\"heading.default\">\n\t\t\t\t<div class=\"elementor-widget-container\">\n\t\t\t<h2 class=\"elementor-heading-title elementor-size-default\">Moderation,<br>Office &amp; Recherche<\/h2>\t\t<\/div>\n\t\t\t\t<\/div>\n\t\t\t\t<div class=\"elementor-element elementor-element-120f2416 elementor-invisible elementor-widget elementor-widget-text-editor\" data-id=\"120f2416\" data-element_type=\"widget\" data-settings=\"{&quot;_animation&quot;:&quot;fadeIn&quot;}\" data-widget_type=\"text-editor.default\">\n\t\t\t\t<div class=\"elementor-widget-container\">\n\t\t\t\t\t\t\t<p>Unsere Valentina ist eine unserer Hauptsprecherinnen und zus\u00e4tzlich noch f\u00fcr die Administration<br \/>und Recherche f\u00fcr unsere Podcasts zust\u00e4ndig.<\/p><p><br \/>Ohne Valentina h\u00e4tten wir keine Themen und G\u00e4ste!<\/p>\t\t\t\t\t\t<\/div>\n\t\t\t\t<\/div>\n\t\t\t\t\t<\/div>\n\t\t<\/div>\n\t\t\t\t<div class=\"elementor-column elementor-col-50 elementor-top-column elementor-element elementor-element-67195cc6\" data-id=\"67195cc6\" data-element_type=\"column\">\n\t\t\t<div class=\"elementor-widget-wrap elementor-element-populated\">\n\t\t\t\t\t\t\t\t<div class=\"elementor-element elementor-element-1fd4aa3d elementor-invisible elementor-widget elementor-widget-heading\" data-id=\"1fd4aa3d\" data-element_type=\"widget\" data-settings=\"{&quot;_animation&quot;:&quot;fadeIn&quot;}\" data-widget_type=\"heading.default\">\n\t\t\t\t<div class=\"elementor-widget-container\">\n\t\t\t<h2 class=\"elementor-heading-title elementor-size-default\">Alexander Goger<\/h2>\t\t<\/div>\n\t\t\t\t<\/div>\n\t\t\t\t<div class=\"elementor-element elementor-element-65d7f6e9 animated-slow elementor-invisible elementor-widget elementor-widget-image\" data-id=\"65d7f6e9\" data-element_type=\"widget\" data-settings=\"{&quot;_animation&quot;:&quot;rotateInDownLeft&quot;}\" data-widget_type=\"image.default\">\n\t\t\t\t<div class=\"elementor-widget-container\">\n\t\t\t\t\t\t\t\t\t\t\t\t\t\t\t<img loading=\"lazy\" decoding=\"async\" width=\"300\" height=\"300\" src=\"https:\/\/procast.hbla-oberwart.at\/wp-content\/uploads\/2023\/02\/Alex-2-300x300.jpg\" class=\"attachment-ashe-list-thumbnail size-ashe-list-thumbnail wp-image-215\" alt=\"\" srcset=\"https:\/\/procast.hbla-oberwart.at\/wp-content\/uploads\/2023\/02\/Alex-2-300x300.jpg 300w, https:\/\/procast.hbla-oberwart.at\/wp-content\/uploads\/2023\/02\/Alex-2-150x150.jpg 150w, https:\/\/procast.hbla-oberwart.at\/wp-content\/uploads\/2023\/02\/Alex-2-75x75.jpg 75w\" sizes=\"(max-width: 300px) 100vw, 300px\" \/>\t\t\t\t\t\t\t\t\t\t\t\t\t\t\t<\/div>\n\t\t\t\t<\/div>\n\t\t\t\t<div class=\"elementor-element elementor-element-3d75e199 animated-fast elementor-invisible elementor-widget elementor-widget-heading\" data-id=\"3d75e199\" data-element_type=\"widget\" data-settings=\"{&quot;_animation&quot;:&quot;fadeIn&quot;}\" data-widget_type=\"heading.default\">\n\t\t\t\t<div class=\"elementor-widget-container\">\n\t\t\t<h2 class=\"elementor-heading-title elementor-size-default\">Moderation,<br>Produktion &amp; Schnitt<\/h2>\t\t<\/div>\n\t\t\t\t<\/div>\n\t\t\t\t<div class=\"elementor-element elementor-element-7ba1326c elementor-invisible elementor-widget elementor-widget-text-editor\" data-id=\"7ba1326c\" data-element_type=\"widget\" data-settings=\"{&quot;_animation&quot;:&quot;fadeIn&quot;}\" data-widget_type=\"text-editor.default\">\n\t\t\t\t<div class=\"elementor-widget-container\">\n\t\t\t\t\t\t\t<p>Unser Alex ist der Hahn im Korb. Er ist auch einer von den Hauptsprechern und k\u00fcmmert sich um die<br \/>Produktion unserer Podcasts.<\/p><p><br \/>Ohne Alex w\u00fcrde kein Podcast einen Feinschliff bekommen!<\/p>\t\t\t\t\t\t<\/div>\n\t\t\t\t<\/div>\n\t\t\t\t\t<\/div>\n\t\t<\/div>\n\t\t\t\t\t\t\t<\/div>\n\t\t<\/section>\n\t\t\t\t<section class=\"elementor-section elementor-top-section elementor-element elementor-element-e755e07 elementor-section-boxed elementor-section-height-default elementor-section-height-default\" data-id=\"e755e07\" data-element_type=\"section\">\n\t\t\t\t\t\t<div class=\"elementor-container elementor-column-gap-default\">\n\t\t\t\t\t<div class=\"elementor-column elementor-col-100 elementor-top-column elementor-element elementor-element-c9c2f04\" data-id=\"c9c2f04\" data-element_type=\"column\">\n\t\t\t<div class=\"elementor-widget-wrap elementor-element-populated\">\n\t\t\t\t\t\t\t\t<div class=\"elementor-element elementor-element-b2003f6 elementor-widget elementor-widget-image\" data-id=\"b2003f6\" data-element_type=\"widget\" data-widget_type=\"image.default\">\n\t\t\t\t<div class=\"elementor-widget-container\">\n\t\t\t\t\t\t\t\t\t\t\t\t\t\t\t<img loading=\"lazy\" decoding=\"async\" width=\"776\" height=\"285\" src=\"https:\/\/procast.hbla-oberwart.at\/wp-content\/uploads\/2022\/12\/PROCAST_72RGB_KOMPLETT_FARBE.png\" class=\"attachment-large size-large wp-image-60\" alt=\"\" srcset=\"https:\/\/procast.hbla-oberwart.at\/wp-content\/uploads\/2022\/12\/PROCAST_72RGB_KOMPLETT_FARBE.png 776w, https:\/\/procast.hbla-oberwart.at\/wp-content\/uploads\/2022\/12\/PROCAST_72RGB_KOMPLETT_FARBE-300x110.png 300w, https:\/\/procast.hbla-oberwart.at\/wp-content\/uploads\/2022\/12\/PROCAST_72RGB_KOMPLETT_FARBE-768x282.png 768w\" sizes=\"(max-width: 776px) 100vw, 776px\" \/>\t\t\t\t\t\t\t\t\t\t\t\t\t\t\t<\/div>\n\t\t\t\t<\/div>\n\t\t\t\t\t<\/div>\n\t\t<\/div>\n\t\t\t\t\t\t\t<\/div>\n\t\t<\/section>\n\t\t\t\t\t\t\t<\/div>\n\t\t","protected":false},"excerpt":{"rendered":"<p>Aber, wer steckt eigentlich hinter DEM Procast? Anna Dragosits Projektleiterin &amp; Social Media Anna k\u00fcmmert sich um Social-Media. Daf\u00fcr erstellt sie kreativen Content und h\u00e4lt unsere Community immer auf dem aktuellen Stand. Au\u00dferdem ist Anna auch die Projektleiterin des Procast-Projekts. Ohne Anna w\u00e4re der Procast nicht auf Social-Media vertreten! Jannika Winkler Grafikdesign &amp; Printmedien Unsere Jannika hat unser tolles Logo erstellt und besch\u00e4ftigt sich auch mit allen andern Print-Medien, die wir f\u00fcr unseren Podcast brauchen. Dazu z\u00e4hlen zum Beispiel Plakate. Ohne Jannika h\u00e4tten wir keine Corporate Identity! Christina Ederer Webdesign &amp; Blog Unsere Christina erstellt eine neue Website f\u00fcr den Procast, auf der es immer die aktuellen Infos zum Nachlesen gibt. Sie bem\u00fcht sich das Webdesign passend zu unserer Coporate Identity zu gestalten. Ohne Christina h\u00e4tten wir keinen Online-Auftritt! Valentina Czerwenka Moderation, Office &amp; Recherche Unsere Valentina ist eine unserer Hauptsprecherinnen und zus\u00e4tzlich noch f\u00fcr die Administration und Recherche f\u00fcr unsere Podcasts zust\u00e4ndig. Ohne Valentina h\u00e4tten wir keine Themen und G\u00e4ste! Alexander Goger Moderation, Produktion &amp; Schnitt Unser Alex ist der Hahn im Korb. Er ist auch einer von den Hauptsprechern und k\u00fcmmert sich um die Produktion unserer Podcasts. Ohne Alex w\u00fcrde kein Podcast einen Feinschliff bekommen!<\/p>\n","protected":false},"author":1,"featured_media":0,"parent":0,"menu_order":0,"comment_status":"closed","ping_status":"closed","template":"","meta":{"footnotes":""},"_links":{"self":[{"href":"https:\/\/procast.hbla-oberwart.at\/index.php?rest_route=\/wp\/v2\/pages\/12"}],"collection":[{"href":"https:\/\/procast.hbla-oberwart.at\/index.php?rest_route=\/wp\/v2\/pages"}],"about":[{"href":"https:\/\/procast.hbla-oberwart.at\/index.php?rest_route=\/wp\/v2\/types\/page"}],"author":[{"embeddable":true,"href":"https:\/\/procast.hbla-oberwart.at\/index.php?rest_route=\/wp\/v2\/users\/1"}],"replies":[{"embeddable":true,"href":"https:\/\/procast.hbla-oberwart.at\/index.php?rest_route=%2Fwp%2Fv2%2Fcomments&post=12"}],"version-history":[{"count":26,"href":"https:\/\/procast.hbla-oberwart.at\/index.php?rest_route=\/wp\/v2\/pages\/12\/revisions"}],"predecessor-version":[{"id":301,"href":"https:\/\/procast.hbla-oberwart.at\/index.php?rest_route=\/wp\/v2\/pages\/12\/revisions\/301"}],"wp:attachment":[{"href":"https:\/\/procast.hbla-oberwart.at\/index.php?rest_route=%2Fwp%2Fv2%2Fmedia&parent=12"}],"curies":[{"name":"wp","href":"https:\/\/api.w.org\/{rel}","templated":true}]}}